{"id":2454,"date":"2019-04-03T23:13:44","date_gmt":"2019-04-03T21:13:44","guid":{"rendered":"https:\/\/www.bambutico.com\/demo\/nosotros\/"},"modified":"2019-10-01T17:21:03","modified_gmt":"2019-10-01T15:21:03","slug":"about-us","status":"publish","type":"page","link":"https:\/\/www.bambutico.com\/en\/about-us\/","title":{"rendered":"About Us"},"content":{"rendered":"<p>[vc_row container=&#8221;1&#8243; css=&#8221;.vc_custom_1555092577443{margin-top: 50px !important;}&#8221;][vc_column width=&#8221;1\/2&#8243;][vc_custom_heading text=&#8221;BambuTico&#8221; use_theme_fonts=&#8221;yes&#8221;][vc_empty_space][vc_column_text]BambuTico is an agro industrial company founded by Retana Quir\u00f3s Family. Their main activities are the plantation and commercialization of the bamboo for construction and furniture use.<\/p>\n<p>Bambu Tico\u00a0has specialized in the bamboo activities such as planting,and utilization of this magnificent and versatile material. We have 30 years of experience in the field, being pioneers in this activity in the country.<\/p>\n<p>We are located at the south of Costa Rica, in San Isidro, Perez Zeledon, at 6\u00a0km from downtown.<\/p>\n<p>Bambu Tico\u00a0offer different bamboo products and we guarantee them, frombamboo plants\u00a0(more than 50 species), selling immunized material (different diameters), and\u00a0constructions made with bamboo\u00a0(houses, kiosks, bungalows, offices, and others).<\/p>\n<p>Our bamboo are previously selected under standards of quality and after immunized with the boucherie system, in which we have implemented improvements in its operative system in order to guarantee our clients a quality product, resistant to the insect attack.[\/vc_column_text][\/vc_column][vc_column width=&#8221;1\/2&#8243;][vc_single_image image=&#8221;3086&#8243; img_size=&#8221;full&#8221; onclick=&#8221;link_image&#8221;][\/vc_column][\/vc_row][vc_row full_width=&#8221;stretch_row&#8221; content_placement=&#8221;middle&#8221; parallax=&#8221;content-moving&#8221; parallax_speed_bg=&#8221;2.5&#8243; container=&#8221;1&#8243; css=&#8221;.vc_custom_1562333262513{margin-top: 80px !important;padding-top: 50px !important;padding-bottom: 80px !important;background-image: url(https:\/\/www.bambutico.com\/wp-content\/uploads\/2019\/04\/bambutico-ventajas.jpg?id=150) !important;}&#8221;][vc_column][vc_custom_heading text=&#8221;What we offer?&#8221; font_container=&#8221;tag:h2|font_size:50|text_align:center|color:%23ffffff|line_height:52px&#8221; use_theme_fonts=&#8221;yes&#8221;][vc_empty_space height=&#8221;50px&#8221;][vc_row_inner equal_height=&#8221;yes&#8221; gap=&#8221;10&#8243;][vc_column_inner width=&#8221;1\/3&#8243; css=&#8221;.vc_custom_1554328228623{padding-top: 30px !important;padding-right: 20px !important;padding-bottom: 15px !important;padding-left: 20px !important;background-color: rgba(76,132,25,0.8) !important;*background-color: rgb(76,132,25) !important;}&#8221;][vc_custom_heading text=&#8221;Building&#8221; font_container=&#8221;tag:h3|text_align:left|color:%23ffffff&#8221; use_theme_fonts=&#8221;yes&#8221; el_class=&#8221;blanco1&#8243;][vc_separator color=&#8221;white&#8221; align=&#8221;align_left&#8221; el_width=&#8221;20&#8243; css=&#8221;.vc_custom_1555092766091{margin-top: 10px !important;margin-bottom: 10px !important;}&#8221;][vc_custom_heading text=&#8221;Contamos con un equipo capacitado en construcciones de bamb\u00fa, podemos realizar estructuras especiales, viviendas, gazebos o kioscos, instalaci\u00f3n de techos, cielorrasos y un sinn\u00famero de obras relacionadas con bamb\u00fa. Con el respaldo y la seguridad que nos caracteriza.&#8221; font_container=&#8221;tag:p|text_align:justify|color:%23ffffff&#8221; use_theme_fonts=&#8221;yes&#8221;][vc_empty_space height=&#8221;15px&#8221;][vc_btn title=&#8221;More information&#8221; style=&#8221;outline&#8221; shape=&#8221;square&#8221; link=&#8221;url:%2Fen%2Fconstruccion%2F|||&#8221;][\/vc_column_inner][vc_column_inner width=&#8221;1\/3&#8243; css=&#8221;.vc_custom_1554328287947{padding-top: 30px !important;padding-right: 20px !important;padding-bottom: 15px !important;padding-left: 20px !important;background-color: rgba(76,132,25,0.8) !important;*background-color: rgb(76,132,25) !important;}&#8221;][vc_custom_heading text=&#8221;Products and Materials&#8221; font_container=&#8221;tag:h3|text_align:left|color:%23ffffff&#8221; use_theme_fonts=&#8221;yes&#8221; el_class=&#8221;blanco1&#8243;][vc_separator color=&#8221;white&#8221; align=&#8221;align_left&#8221; el_width=&#8221;20&#8243; css=&#8221;.vc_custom_1555092766091{margin-top: 10px !important;margin-bottom: 10px !important;}&#8221;][vc_custom_heading text=&#8221;Nuestro bamb\u00fa sigue un proceso que inicia en la siembra. Para luego, bajo est\u00e1ndares de calidad ser seleccionados, cultivados e inmunizados, utilizando productos amigables con el medio ambiente. Ofrecemos productos con diferentes di\u00e1metros y usos.&#8221; font_container=&#8221;tag:p|text_align:justify|color:%23ffffff&#8221; use_theme_fonts=&#8221;yes&#8221;][vc_empty_space height=&#8221;15px&#8221;][vc_btn title=&#8221;More information&#8221; style=&#8221;outline&#8221; shape=&#8221;square&#8221; link=&#8221;url:%2Fen%2Fraw-material%2F|||&#8221;][\/vc_column_inner][vc_column_inner width=&#8221;1\/3&#8243; css=&#8221;.vc_custom_1554328303766{padding-top: 30px !important;padding-right: 20px !important;padding-bottom: 15px !important;padding-left: 20px !important;background-color: rgba(76,132,25,0.8) !important;*background-color: rgb(76,132,25) !important;}&#8221;][vc_custom_heading text=&#8221;Furniture&#8221; font_container=&#8221;tag:h3|text_align:left|color:%23ffffff&#8221; use_theme_fonts=&#8221;yes&#8221; el_class=&#8221;blanco1&#8243;][vc_separator color=&#8221;white&#8221; align=&#8221;align_left&#8221; el_width=&#8221;20&#8243; css=&#8221;.vc_custom_1555092766091{margin-top: 10px !important;margin-bottom: 10px !important;}&#8221;][vc_custom_heading text=&#8221;Fabricamos muebles de bamb\u00fa a la medida y gusto de nuestros clientes. Muebles para interiores y exteriores como: camas, mesas, sillas, lamparas entre otros m\u00e1s.&#8221; font_container=&#8221;tag:p|text_align:justify|color:%23ffffff&#8221; use_theme_fonts=&#8221;yes&#8221;][vc_empty_space height=&#8221;15px&#8221;][vc_btn title=&#8221;More information&#8221; style=&#8221;outline&#8221; shape=&#8221;square&#8221; link=&#8221;url:%2Fen%2Ffurniture%2F|||&#8221;][\/vc_column_inner][\/vc_row_inner][\/vc_column][\/vc_row]<\/p>\n","protected":false},"excerpt":{"rendered":"<p>[vc_row container=&#8221;1&#8243; css=&#8221;.vc_custom_1555092577443{margin-top: 50px !important;}&#8221;][vc_column width=&#8221;1\/2&#8243;][vc_custom_heading text=&#8221;BambuTico&#8221; use_theme_fonts=&#8221;yes&#8221;][vc_empty_space][vc_column_text]BambuTico is an agro industrial company founded by Retana Quir\u00f3s Family. Their main activities are the plantation and commercialization of the bamboo for construction and furniture use. Bambu Tico\u00a0has specialized in the bamboo activities such as planting,and utilization of this magnificent and versatile material. We have 30 years<\/p>\n","protected":false},"author":2,"featured_media":0,"parent":0,"menu_order":0,"comment_status":"closed","ping_status":"closed","template":"tpl-visual_composer.php","meta":[],"yoast_head":"<!-- This site is optimized with the Yoast SEO plugin v17.1 - https:\/\/yoast.com\/wordpress\/plugins\/seo\/ -->\n<title>Suppliers of bamboo in Costa Rica - Planting and uses of bamboo<\/title>\n<meta name=\"description\" content=\"Bambu Tico has specialized in the bamboo activities such as planting and utilization of this magnificent and versatile material...\" \/>\n<meta name=\"robots\" content=\"index, follow, max-snippet:-1, max-image-preview:large, max-video-preview:-1\" \/>\n<link rel=\"canonical\" href=\"https:\/\/www.bambutico.com\/en\/about-us\/\" \/>\n<meta property=\"og:locale\" content=\"en_US\" \/>\n<meta property=\"og:type\" content=\"article\" \/>\n<meta property=\"og:title\" content=\"Suppliers of bamboo in Costa Rica - Planting and uses of bamboo\" \/>\n<meta property=\"og:description\" content=\"Bambu Tico has specialized in the bamboo activities such as planting and utilization of this magnificent and versatile material...\" \/>\n<meta property=\"og:url\" content=\"https:\/\/www.bambutico.com\/en\/about-us\/\" \/>\n<meta property=\"og:site_name\" content=\"Bambutico\" \/>\n<meta property=\"article:modified_time\" content=\"2019-10-01T15:21:03+00:00\" \/>\n<meta name=\"twitter:card\" content=\"summary_large_image\" \/>\n<meta name=\"twitter:label1\" content=\"Est. reading time\" \/>\n\t<meta name=\"twitter:data1\" content=\"4 minutes\" \/>\n<script type=\"application\/ld+json\" class=\"yoast-schema-graph\">{\"@context\":\"https:\/\/schema.org\",\"@graph\":[{\"@type\":\"WebSite\",\"@id\":\"https:\/\/www.bambutico.com\/#website\",\"url\":\"https:\/\/www.bambutico.com\/\",\"name\":\"Bambutico\",\"description\":\"Otro sitio realizado con WordPress\",\"potentialAction\":[{\"@type\":\"SearchAction\",\"target\":{\"@type\":\"EntryPoint\",\"urlTemplate\":\"https:\/\/www.bambutico.com\/?s={search_term_string}\"},\"query-input\":\"required name=search_term_string\"}],\"inLanguage\":\"en-US\"},{\"@type\":\"WebPage\",\"@id\":\"https:\/\/www.bambutico.com\/en\/about-us\/#webpage\",\"url\":\"https:\/\/www.bambutico.com\/en\/about-us\/\",\"name\":\"Suppliers of bamboo in Costa Rica - Planting and uses of bamboo\",\"isPartOf\":{\"@id\":\"https:\/\/www.bambutico.com\/#website\"},\"datePublished\":\"2019-04-03T21:13:44+00:00\",\"dateModified\":\"2019-10-01T15:21:03+00:00\",\"description\":\"Bambu Tico has specialized in the bamboo activities such as planting and utilization of this magnificent and versatile material...\",\"breadcrumb\":{\"@id\":\"https:\/\/www.bambutico.com\/en\/about-us\/#breadcrumb\"},\"inLanguage\":\"en-US\",\"potentialAction\":[{\"@type\":\"ReadAction\",\"target\":[\"https:\/\/www.bambutico.com\/en\/about-us\/\"]}]},{\"@type\":\"BreadcrumbList\",\"@id\":\"https:\/\/www.bambutico.com\/en\/about-us\/#breadcrumb\",\"itemListElement\":[{\"@type\":\"ListItem\",\"position\":1,\"name\":\"Portada\",\"item\":\"https:\/\/www.bambutico.com\/en\/\"},{\"@type\":\"ListItem\",\"position\":2,\"name\":\"About Us\"}]}]}<\/script>\n<!-- \/ Yoast SEO plugin. -->","yoast_head_json":{"title":"Suppliers of bamboo in Costa Rica - Planting and uses of bamboo","description":"Bambu Tico has specialized in the bamboo activities such as planting and utilization of this magnificent and versatile material...","robots":{"index":"index","follow":"follow","max-snippet":"max-snippet:-1","max-image-preview":"max-image-preview:large","max-video-preview":"max-video-preview:-1"},"canonical":"https:\/\/www.bambutico.com\/en\/about-us\/","og_locale":"en_US","og_type":"article","og_title":"Suppliers of bamboo in Costa Rica - Planting and uses of bamboo","og_description":"Bambu Tico has specialized in the bamboo activities such as planting and utilization of this magnificent and versatile material...","og_url":"https:\/\/www.bambutico.com\/en\/about-us\/","og_site_name":"Bambutico","article_modified_time":"2019-10-01T15:21:03+00:00","twitter_card":"summary_large_image","twitter_misc":{"Est. reading time":"4 minutes"},"schema":{"@context":"https:\/\/schema.org","@graph":[{"@type":"WebSite","@id":"https:\/\/www.bambutico.com\/#website","url":"https:\/\/www.bambutico.com\/","name":"Bambutico","description":"Otro sitio realizado con WordPress","potentialAction":[{"@type":"SearchAction","target":{"@type":"EntryPoint","urlTemplate":"https:\/\/www.bambutico.com\/?s={search_term_string}"},"query-input":"required name=search_term_string"}],"inLanguage":"en-US"},{"@type":"WebPage","@id":"https:\/\/www.bambutico.com\/en\/about-us\/#webpage","url":"https:\/\/www.bambutico.com\/en\/about-us\/","name":"Suppliers of bamboo in Costa Rica - Planting and uses of bamboo","isPartOf":{"@id":"https:\/\/www.bambutico.com\/#website"},"datePublished":"2019-04-03T21:13:44+00:00","dateModified":"2019-10-01T15:21:03+00:00","description":"Bambu Tico has specialized in the bamboo activities such as planting and utilization of this magnificent and versatile material...","breadcrumb":{"@id":"https:\/\/www.bambutico.com\/en\/about-us\/#breadcrumb"},"inLanguage":"en-US","potentialAction":[{"@type":"ReadAction","target":["https:\/\/www.bambutico.com\/en\/about-us\/"]}]},{"@type":"BreadcrumbList","@id":"https:\/\/www.bambutico.com\/en\/about-us\/#breadcrumb","itemListElement":[{"@type":"ListItem","position":1,"name":"Portada","item":"https:\/\/www.bambutico.com\/en\/"},{"@type":"ListItem","position":2,"name":"About Us"}]}]}},"_links":{"self":[{"href":"https:\/\/www.bambutico.com\/en\/wp-json\/wp\/v2\/pages\/2454"}],"collection":[{"href":"https:\/\/www.bambutico.com\/en\/wp-json\/wp\/v2\/pages"}],"about":[{"href":"https:\/\/www.bambutico.com\/en\/wp-json\/wp\/v2\/types\/page"}],"author":[{"embeddable":true,"href":"https:\/\/www.bambutico.com\/en\/wp-json\/wp\/v2\/users\/2"}],"replies":[{"embeddable":true,"href":"https:\/\/www.bambutico.com\/en\/wp-json\/wp\/v2\/comments?post=2454"}],"version-history":[{"count":18,"href":"https:\/\/www.bambutico.com\/en\/wp-json\/wp\/v2\/pages\/2454\/revisions"}],"predecessor-version":[{"id":3161,"href":"https:\/\/www.bambutico.com\/en\/wp-json\/wp\/v2\/pages\/2454\/revisions\/3161"}],"wp:attachment":[{"href":"https:\/\/www.bambutico.com\/en\/wp-json\/wp\/v2\/media?parent=2454"}],"curies":[{"name":"wp","href":"https:\/\/api.w.org\/{rel}","templated":true}]}}